{"id":2592,"date":"2020-03-09T09:58:37","date_gmt":"2020-03-09T09:58:37","guid":{"rendered":"https:\/\/zid-test-04.uni-ak.ac.at\/?page_id=2592"},"modified":"2022-04-05T11:05:51","modified_gmt":"2022-04-05T11:05:51","slug":"impressum","status":"publish","type":"page","link":"https:\/\/zid.uni-ak.ac.at\/impressum\/","title":{"rendered":"Impressum"},"content":{"rendered":"\t\t<div data-elementor-type=\"wp-page\" data-elementor-id=\"2592\" class=\"elementor elementor-2592\">\n\t\t\t\t\t\t<section class=\"elementor-section elementor-top-section elementor-element elementor-element-39916b2e elementor-section-boxed elementor-section-height-default elementor-section-height-default\" data-id=\"39916b2e\" data-element_type=\"section\" data-e-type=\"section\" data-settings=\"{&quot;background_background&quot;:&quot;classic&quot;}\">\n\t\t\t\t\t\t<div class=\"elementor-container elementor-column-gap-default\">\n\t\t\t\t\t<div class=\"elementor-column elementor-col-100 elementor-top-column elementor-element elementor-element-70a692d7\" data-id=\"70a692d7\" data-element_type=\"column\" data-e-type=\"column\">\n\t\t\t<div class=\"elementor-widget-wrap elementor-element-populated\">\n\t\t\t\t\t\t<div class=\"elementor-element elementor-element-ec462c4 elementor-widget elementor-widget-heading\" data-id=\"ec462c4\" data-element_type=\"widget\" data-e-type=\"widget\" data-widget_type=\"heading.default\">\n\t\t\t\t<div class=\"elementor-widget-container\">\n\t\t\t\t\t<h2 class=\"elementor-heading-title elementor-size-default\">Impressum<\/h2>\t\t\t\t<\/div>\n\t\t\t\t<\/div>\n\t\t\t\t<div class=\"elementor-element elementor-element-5509fc6f elementor-widget elementor-widget-text-editor\" data-id=\"5509fc6f\" data-element_type=\"widget\" data-e-type=\"widget\" data-widget_type=\"text-editor.default\">\n\t\t\t\t<div class=\"elementor-widget-container\">\n\t\t\t\t\t\t\t\t\t<p><\/p>\n<p>Offenlegung gem. \u00a7 25 Mediengesetz \u2013 Verantwortlich f\u00fcr den Inhalt dieser Seite:<\/p>\n<p>\u00a0<\/p>\n<p><\/p>\n<p>Universit\u00e4t f\u00fcr angewandte Kunst Wien<br \/>Zentraler Informatikdienst<br \/>Oskar Kokoschka-Platz 2<br \/>1010 Wien<br \/>\u00d6sterreich<\/p>\n<p>\u00a0<\/p>\n<p><\/p>\n<p>T +43 1 711 33 2107<br \/><a href=\"mailto:helpdesk@uni-ak.ac.at\">helpdesk@uni-ak.ac.at<\/a><br \/><a href=\"https:\/\/zid.uni-ak.ac.at\/\">https:\/\/zid.uni-ak.ac.at<\/a><\/p>\n<p>\u00a0<\/p>\n<p><\/p>\n<p>Der Zentrale Informatikdienst (ZID) \u00fcbernimmt keine Haftung f\u00fcr den Inhalt verlinkter Webseiten.<\/p>\n<p><\/p>\t\t\t\t\t\t\t\t<\/div>\n\t\t\t\t<\/div>\n\t\t\t\t\t<\/div>\n\t\t<\/div>\n\t\t\t\t\t<\/div>\n\t\t<\/section>\n\t\t\t\t<\/div>\n\t\t","protected":false},"excerpt":{"rendered":"<p>Impressum Offenlegung gem. \u00a7 25 Mediengesetz \u2013 Verantwortlich f\u00fcr den Inhalt dieser Seite: \u00a0 Universit\u00e4t f\u00fcr angewandte Kunst WienZentraler InformatikdienstOskar Kokoschka-Platz 21010 Wien\u00d6sterreich \u00a0 T +43 1 711 33 2107helpdesk@uni-ak.ac.athttps:\/\/zid.uni-ak.ac.at \u00a0 Der Zentrale Informatikdienst (ZID) &hellip;<\/p>\n","protected":false},"author":1,"featured_media":0,"parent":0,"menu_order":0,"comment_status":"closed","ping_status":"closed","template":"elementor_canvas","meta":{"footnotes":""},"class_list":["post-2592","page","type-page","status-publish","hentry"],"_links":{"self":[{"href":"https:\/\/zid.uni-ak.ac.at\/wp-json\/wp\/v2\/pages\/2592","targetHints":{"allow":["GET"]}}],"collection":[{"href":"https:\/\/zid.uni-ak.ac.at\/wp-json\/wp\/v2\/pages"}],"about":[{"href":"https:\/\/zid.uni-ak.ac.at\/wp-json\/wp\/v2\/types\/page"}],"author":[{"embeddable":true,"href":"https:\/\/zid.uni-ak.ac.at\/wp-json\/wp\/v2\/users\/1"}],"replies":[{"embeddable":true,"href":"https:\/\/zid.uni-ak.ac.at\/wp-json\/wp\/v2\/comments?post=2592"}],"version-history":[{"count":0,"href":"https:\/\/zid.uni-ak.ac.at\/wp-json\/wp\/v2\/pages\/2592\/revisions"}],"wp:attachment":[{"href":"https:\/\/zid.uni-ak.ac.at\/wp-json\/wp\/v2\/media?parent=2592"}],"curies":[{"name":"wp","href":"https:\/\/api.w.org\/{rel}","templated":true}]}}